{"id":3344,"date":"2021-02-02T11:35:25","date_gmt":"2021-02-02T10:35:25","guid":{"rendered":"http:\/\/schalasch.de\/?page_id=3344"},"modified":"2021-03-02T18:43:01","modified_gmt":"2021-03-02T17:43:01","slug":"clubaviator","status":"publish","type":"page","link":"https:\/\/schalasch.de\/ru\/clubaviator\/","title":{"rendered":"Aviator"},"content":{"rendered":"<p>Art-Caf\u00e9 Aviator, wo die Treffen vom Jugendcaf\u00e9 und Polynuschka stattfinden, hat jetzt eine eigene Web Seite und Facebook Account! Mit allen \u00fcblichen Bestandteilen: dort findet Ihr eine Galerie, das aktuelle Wochenprogramm, Kontake und weitere News\u2026<\/p>\n<p>Website:\u00a0\u00a0\u00a0<a href=\"http:\/\/aviator-berlin.de\/\"> http:\/\/aviator-berlin.de\/<\/a><\/p>\n<p>Facebook:\u00a0 <a href=\"https:\/\/de-de.facebook.com\/aviatorberlin\/\">https:\/\/de-de.facebook.com\/aviatorberlin\/<\/a><\/p>\n<p>Email: \u00a0 \u00a0 \u00a0 \u00a0 <a href=\"mailto:college@club-dialog.de\">aviator<\/a><a href=\"mailto:mitte@schalasch.localhost\">(at)<\/a><a href=\"mailto:college@club-dialog.de\">club-dialog.de<\/a><\/p>\n<p>Telefon:\u00a0 \u00a0\u00a0 <a href=\"http:\/\/+49 (0) 30\/28 38 91 52\">+49 (0) 30\/28 38 91 52<\/a><em><br \/>\n<\/em><\/p>\n<p><img loading=\"lazy\" decoding=\"async\" class=\"size-medium wp-image-3411 alignright\" src=\"https:\/\/schalasch.de\/wp1\/wp-content\/uploads\/2021\/02\/aviator-end-250x250.gif\" alt=\"\" width=\"250\" height=\"250\" srcset=\"https:\/\/schalasch.de\/wp1\/wp-content\/uploads\/2021\/02\/aviator-end-250x250.gif 250w, https:\/\/schalasch.de\/wp1\/wp-content\/uploads\/2021\/02\/aviator-end-150x150.gif 150w\" sizes=\"auto, (max-width: 250px) 100vw, 250px\" \/><\/p>","protected":false},"excerpt":{"rendered":"<p>Art-Caf\u00e9 Aviator, wo die Treffen vom Jugendcaf\u00e9 und Polynuschka stattfinden, hat jetzt eine eigene Web Seite und Facebook Account! Mit allen \u00fcblichen Bestandteilen: dort findet Ihr eine Galerie, das aktuelle [&hellip;]<\/p>","protected":false},"author":430,"featured_media":3408,"parent":0,"menu_order":0,"comment_status":"closed","ping_status":"closed","template":"","meta":{"footnotes":""},"class_list":["post-3344","page","type-page","status-publish","has-post-thumbnail","hentry"],"acf":[],"_links":{"self":[{"href":"https:\/\/schalasch.de\/ru\/wp-json\/wp\/v2\/pages\/3344","targetHints":{"allow":["GET"]}}],"collection":[{"href":"https:\/\/schalasch.de\/ru\/wp-json\/wp\/v2\/pages"}],"about":[{"href":"https:\/\/schalasch.de\/ru\/wp-json\/wp\/v2\/types\/page"}],"author":[{"embeddable":true,"href":"https:\/\/schalasch.de\/ru\/wp-json\/wp\/v2\/users\/430"}],"replies":[{"embeddable":true,"href":"https:\/\/schalasch.de\/ru\/wp-json\/wp\/v2\/comments?post=3344"}],"version-history":[{"count":5,"href":"https:\/\/schalasch.de\/ru\/wp-json\/wp\/v2\/pages\/3344\/revisions"}],"predecessor-version":[{"id":3454,"href":"https:\/\/schalasch.de\/ru\/wp-json\/wp\/v2\/pages\/3344\/revisions\/3454"}],"wp:featuredmedia":[{"embeddable":true,"href":"https:\/\/schalasch.de\/ru\/wp-json\/wp\/v2\/media\/3408"}],"wp:attachment":[{"href":"https:\/\/schalasch.de\/ru\/wp-json\/wp\/v2\/media?parent=3344"}],"curies":[{"name":"wp","href":"https:\/\/api.w.org\/{rel}","templated":true}]}}