{"id":2316,"date":"2017-10-18T22:58:25","date_gmt":"2017-10-18T20:58:25","guid":{"rendered":"http:\/\/schalasch.de\/?page_id=2316"},"modified":"2020-05-13T08:39:07","modified_gmt":"2020-05-13T06:39:07","slug":"animationen","status":"publish","type":"page","link":"https:\/\/schalasch.de\/ru\/animationen\/","title":{"rendered":"Animationen"},"content":{"rendered":"<h2><span style=\"color: #ff6600;\">Wir feiern<\/span><\/h2>\n<div class=\"su-accordion su-u-trim\"><div class=\"su-spoiler su-spoiler-style-default su-spoiler-icon-plus su-spoiler-closed\" data-scroll-offset=\"0\" data-anchor-in-url=\"no\"><div class=\"su-spoiler-title\" tabindex=\"0\" role=\"button\"><span class=\"su-spoiler-icon\"><\/span>Herbstferien, Halloween<\/div><div class=\"su-spoiler-content su-u-clearfix su-u-trim\">\n<p><strong><span style=\"color: #993300;\">2019<\/span><\/strong><br \/>\n<iframe loading=\"lazy\" src=\"https:\/\/www.youtube.com\/embed\/y_Hae-2On9k\" width=\"560\" height=\"315\" frameborder=\"0\" allowfullscreen=\"allowfullscreen\"><\/iframe><br \/>\n<iframe loading=\"lazy\" src=\"https:\/\/www.youtube.com\/embed\/zaUADfEJLWM\" width=\"560\" height=\"315\" frameborder=\"0\" allowfullscreen=\"allowfullscreen\"><\/iframe><\/p>\n<p>Die <a href=\"https:\/\/youtu.be\/B535TKFUDvs\">Vollversion<\/a> s. im YouTube Kanal Schalasch Dialogov<\/p>\n<p><span style=\"color: #993300;\"><strong>2017<\/strong><\/span><\/p>\n<div id=\"zilla-tabs-1\" class=\"zilla-tabs\"><div class=\"zilla-tab-inner\"><ul class=\"zilla-nav zilla-clearfix\"><li><a href=\"#zilla-tab-flight\">flight<\/a><\/li><li><a href=\"#zilla-tab-what-the-hell\">What-the-Hell<\/a><\/li><li><a href=\"#zilla-tab-hoellerein\">H\u00f6lle:rein<\/a><\/li><li><a href=\"#zilla-tab-teufel\">Teufel<\/a><\/li><\/ul> <div id=\"zilla-tab-flight\" class=\"zilla-tab\">\n<p><a href=\"http:\/\/schalasch.de\/wp1\/wp-content\/uploads\/2019\/10\/herbst-kids.gif\"><img loading=\"lazy\" decoding=\"async\" class=\"alignnone size-large wp-image-2943\" \" src=\"http:\/\/schalasch.de\/wp1\/wp-content\/uploads\/2019\/10\/herbst-kids-1024x768.gif\" alt=\"\" width=\"1024\" height=\"768\"  style=\"display:none\" srcset=\"https:\/\/schalasch.de\/wp1\/wp-content\/uploads\/2019\/10\/herbst-kids-1024x768.gif 1024w, https:\/\/schalasch.de\/wp1\/wp-content\/uploads\/2019\/10\/herbst-kids-250x188.gif 250w\" sizes=\"auto, (max-width: 1024px) 100vw, 1024px\" \/><\/a><\/p>\n<p><img loading=\"lazy\" decoding=\"async\" class=\"alignnone size-full wp-image-2943\" src=\"http:\/\/schalasch.de\/wp1\/wp-content\/uploads\/2019\/10\/herbst-kids.gif\" alt=\"\" width=\"1500\" height=\"1125\" \/><\/p>\n<\/div><div id=\"zilla-tab-what-the-hell\" class=\"zilla-tab\">\n<p><img loading=\"lazy\" decoding=\"async\" class=\"alignnone size-full wp-image-2944\" src=\"http:\/\/schalasch.de\/wp1\/wp-content\/uploads\/2019\/10\/gifmaker.org_hyktzm.gif\" alt=\"\" width=\"1500\" height=\"1125\" \/><\/p>\n<\/div><div id=\"zilla-tab-hoellerein\" class=\"zilla-tab\">\n<p><img loading=\"lazy\" decoding=\"async\" class=\"alignnone size-full wp-image-2945\" src=\"http:\/\/schalasch.de\/wp1\/wp-content\/uploads\/2019\/10\/hell.gif\" alt=\"\" width=\"1500\" height=\"1125\" \/><\/p>\n<\/div><div id=\"zilla-tab-teufel\" class=\"zilla-tab\">\n<p><img loading=\"lazy\" decoding=\"async\" class=\"alignnone size-full wp-image-2946\" src=\"http:\/\/schalasch.de\/wp1\/wp-content\/uploads\/2019\/10\/teufel200_s.gif\" alt=\"\" width=\"1500\" height=\"1113\" \/><\/p>\n<\/div>\n<\/div><\/div>\n<\/div><\/div>\n<div class=\"su-spoiler su-spoiler-style-default su-spoiler-icon-plus su-spoiler-closed\" data-scroll-offset=\"0\" data-anchor-in-url=\"no\"><div class=\"su-spoiler-title\" tabindex=\"0\" role=\"button\"><span class=\"su-spoiler-icon\"><\/span>Berlin leuchtet - ab jetzt im SCHALASCH!<\/div><div class=\"su-spoiler-content su-u-clearfix su-u-trim\">\n<h3><span style=\"color: #993300;\">BERLIN LEUCHTET &#8211; ab jetzt im SCHALASCH!<\/span><\/h3>\n<p>Das Festival of Lights ist zwar schon vorbei, doch wirklich zu Ende ist es nicht. Hier im Schalasch leuchtet Berlin noch weiter. Leuchtet und schmeckt! Unser Trickfilmlabor hat mit Leuchtk\u00e4sten und Gummib\u00e4rchen neue Animationen gemacht.<\/p>\n<div id=\"zilla-tabs-2\" class=\"zilla-tabs\"><div class=\"zilla-tab-inner\"><ul class=\"zilla-nav zilla-clearfix\"><li><a href=\"#zilla-tab-big-yummy-gummibaer\">Big Yummy Gummib\u00e4r<\/a><\/li><li><a href=\"#zilla-tab-gummibaercar\">Gummib\u00e4rcar<\/a><\/li><li><a href=\"#zilla-tab-kaleido-crash\">Kaleido...crash<\/a><\/li><\/ul> <div id=\"zilla-tab-big-yummy-gummibaer\" class=\"zilla-tab\">\n<p>&nbsp;<\/p>\n<p>Ein Big Yummy Gummib\u00e4r wandelt sich in den Berliner Fernsehturm um.<\/p>\n<p><img loading=\"lazy\" decoding=\"async\" class=\"alignnone size-full wp-image-2958\" src=\"http:\/\/schalasch.de\/wp1\/wp-content\/uploads\/2019\/10\/b-leuchtet.gif\" alt=\"\" width=\"1500\" height=\"1125\" \/><\/p>\n<\/div><div id=\"zilla-tab-gummibaercar\" class=\"zilla-tab\">\n<p>Ein Gummicar beleuchtet lecker den Weg.<\/p>\n<p><img loading=\"lazy\" decoding=\"async\" class=\"alignnone size-full wp-image-2948\" src=\"http:\/\/schalasch.de\/wp1\/wp-content\/uploads\/2019\/10\/car.gif\" alt=\"\" width=\"1500\" height=\"1125\" \/><\/p>\n<p>&nbsp;<\/p>\n<p>Anscheinend sind Autounf\u00e4lle im Trickfilmlabor in!<\/p>\n<\/div><div id=\"zilla-tab-kaleido-crash\" class=\"zilla-tab\">\n<p><img loading=\"lazy\" decoding=\"async\" class=\"alignnone size-full wp-image-2949\" src=\"http:\/\/schalasch.de\/wp1\/wp-content\/uploads\/2019\/10\/b-leuchtet-489.jpg\" alt=\"\" width=\"4000\" height=\"3000\" srcset=\"https:\/\/schalasch.de\/wp1\/wp-content\/uploads\/2019\/10\/b-leuchtet-489.jpg 4000w, https:\/\/schalasch.de\/wp1\/wp-content\/uploads\/2019\/10\/b-leuchtet-489-250x188.jpg 250w, https:\/\/schalasch.de\/wp1\/wp-content\/uploads\/2019\/10\/b-leuchtet-489-1024x768.jpg 1024w\" sizes=\"auto, (max-width: 4000px) 100vw, 4000px\" \/><\/p>\n<p>Wir dachten es w\u00e4re ein Kaleidoskop, doch das Ende verwirrt etwas.<\/p>\n<p>&nbsp;<\/p>\n<\/div><\/div><\/div>\n<\/div><\/div>\n<div class=\"su-spoiler su-spoiler-style-default su-spoiler-icon-plus su-spoiler-closed\" data-scroll-offset=\"0\" data-anchor-in-url=\"no\"><div class=\"su-spoiler-title\" tabindex=\"0\" role=\"button\"><span class=\"su-spoiler-icon\"><\/span>Weihnachten und Silvester<\/div><div class=\"su-spoiler-content su-u-clearfix su-u-trim\">\n<p><strong><span style=\"color: #993300;\"> 2017\/2018<\/span><\/strong><\/p>\n<div id=\"zilla-tabs-3\" class=\"zilla-tabs\"><div class=\"zilla-tab-inner\"><ul class=\"zilla-nav zilla-clearfix\"><li><a href=\"#zilla-tab-glueckwuensche\">Gl\u00fcckw\u00fcnsche<\/a><\/li><li><a href=\"#zilla-tab-wunder\">Wunder<\/a><\/li><li><a href=\"#zilla-tab-meine-geschenke\">Meine Geschenke<\/a><\/li><\/ul>\n<div id=\"zilla-tab-glueckwuensche\" class=\"zilla-tab\">\n<p><img loading=\"lazy\" decoding=\"async\" class=\"alignnone size-full\" src=\"http:\/\/e-tm.eu\/wp-content\/uploads\/ny2018_100_1.gif\" width=\"1500\" height=\"1125\" \/><\/p>\n<\/div><div id=\"zilla-tab-wunder\" class=\"zilla-tab\">\n<p><img loading=\"lazy\" decoding=\"async\" class=\"alignnone size-full wp-image-2942\" src=\"http:\/\/schalasch.de\/wp1\/wp-content\/uploads\/2019\/10\/300gifmaker.org_j2pmhv.gif\" alt=\"\" width=\"1500\" height=\"1125\" \/><\/p>\n<\/div> <div id=\"zilla-tab-meine-geschenke\" class=\"zilla-tab\">\n<p><iframe loading=\"lazy\" title=\"bela und isabela\" width=\"640\" height=\"480\" src=\"https:\/\/www.youtube.com\/embed\/9KBp-9GC3l0?feature=oembed\" frameborder=\"0\" allow=\"accelerometer; autoplay; clipboard-write; encrypted-media; gyroscope; picture-in-picture; web-share\" referrerpolicy=\"strict-origin-when-cross-origin\" allowfullscreen><\/iframe><\/p>\n<\/div> <\/div><\/div>\n<\/div><\/div>\n<div class=\"su-spoiler su-spoiler-style-default su-spoiler-icon-plus su-spoiler-closed\" data-scroll-offset=\"0\" data-anchor-in-url=\"no\"><div class=\"su-spoiler-title\" tabindex=\"0\" role=\"button\"><span class=\"su-spoiler-icon\"><\/span>Frauentag<\/div><div class=\"su-spoiler-content su-u-clearfix su-u-trim\"> <span style=\"color: #993300;\"><strong>2019<\/strong> <\/span><\/p>\n<p><iframe loading=\"lazy\" title=\"8 \u043c\u0430\u0440\u0442\u0430 2019\" width=\"640\" height=\"360\" src=\"https:\/\/www.youtube.com\/embed\/z4QaQT3DFbk?feature=oembed\" frameborder=\"0\" allow=\"accelerometer; autoplay; clipboard-write; encrypted-media; gyroscope; picture-in-picture; web-share\" referrerpolicy=\"strict-origin-when-cross-origin\" allowfullscreen><\/iframe><\/p>\n<p><span style=\"color: #993300;\"><strong>2018<\/strong><\/span><\/p>\n<p><iframe loading=\"lazy\" title=\"8.M\u00e4rz, march 8, 8-\u0435 \u043c\u0430\u0440\u0442\u0430\" width=\"640\" height=\"360\" src=\"https:\/\/www.youtube.com\/embed\/caC2xC3Bdow?feature=oembed\" frameborder=\"0\" allow=\"accelerometer; autoplay; clipboard-write; encrypted-media; gyroscope; picture-in-picture; web-share\" referrerpolicy=\"strict-origin-when-cross-origin\" allowfullscreen><\/iframe><\/p>\n<\/div><\/div>\n<div class=\"su-spoiler su-spoiler-style-default su-spoiler-icon-plus su-spoiler-closed\" data-scroll-offset=\"0\" data-anchor-in-url=\"no\"><div class=\"su-spoiler-title\" tabindex=\"0\" role=\"button\"><span class=\"su-spoiler-icon\"><\/span>Maslenitza<\/div><div class=\"su-spoiler-content su-u-clearfix su-u-trim\">\n<p><iframe loading=\"lazy\" title=\"Maslenitsa kurz\" width=\"640\" height=\"360\" src=\"https:\/\/www.youtube.com\/embed\/WzvbBo-fiKY?feature=oembed\" frameborder=\"0\" allow=\"accelerometer; autoplay; clipboard-write; encrypted-media; gyroscope; picture-in-picture; web-share\" referrerpolicy=\"strict-origin-when-cross-origin\" allowfullscreen><\/iframe><\/p>\n<\/div><\/div>\n<div class=\"su-spoiler su-spoiler-style-default su-spoiler-icon-plus\" data-scroll-offset=\"0\" data-anchor-in-url=\"no\"><div class=\"su-spoiler-title\" tabindex=\"0\" role=\"button\"><span class=\"su-spoiler-icon\"><\/span>9.Mai<\/div><div class=\"su-spoiler-content su-u-clearfix su-u-trim\">\n<strong><span style=\"color: #993300;\">2020: 75 Jahre Sieg<\/span><\/strong><\/p>\n<p><iframe loading=\"lazy\" src=\"https:\/\/www.youtube.com\/embed\/X3M6MjnEsxE\" width=\"560\" height=\"315\" frameborder=\"0\" allowfullscreen=\"allowfullscreen\"><\/iframe><br \/>\n<\/div><\/div>\n<\/div>\n<h2><span style=\"color: #ff6600;\">Wir lernen<\/span><\/h2>\n<div class=\"su-accordion su-u-trim\">\n<div class=\"su-spoiler su-spoiler-style-default su-spoiler-icon-plus su-spoiler-closed\" data-scroll-offset=\"0\" data-anchor-in-url=\"no\"><div class=\"su-spoiler-title\" tabindex=\"0\" role=\"button\"><span class=\"su-spoiler-icon\"><\/span>In der Schule<\/div><div class=\"su-spoiler-content su-u-clearfix su-u-trim\">\n<h3><span style=\"color: #993300;\">In der Schule<\/span><\/h3>\n<p><iframe loading=\"lazy\" src=\"https:\/\/www.youtube.com\/embed\/wCSjLZJaors\" width=\"560\" height=\"315\" frameborder=\"0\" allowfullscreen=\"allowfullscreen\"><\/iframe><\/p>\n<\/div><\/div>\n<div class=\"su-spoiler su-spoiler-style-default su-spoiler-icon-plus su-spoiler-closed\" data-scroll-offset=\"0\" data-anchor-in-url=\"no\"><div class=\"su-spoiler-title\" tabindex=\"0\" role=\"button\"><span class=\"su-spoiler-icon\"><\/span>Lernvideos: Geschichte der Animation &amp; Anweisungen<\/div><div class=\"su-spoiler-content su-u-clearfix su-u-trim\">\n<p>\/s. auch in der Rubrik &#8222;Videos&#8220;\/<\/p>\n<h3><span style=\"color: #993300;\">&#8222;COVID im K\u00e4fig&#8220; 2020:\u00a0 Anweisungen zum Thaumatrop<\/span><\/h3>\n<div id=\"zilla-tabs-4\" class=\"zilla-tabs\"><div class=\"zilla-tab-inner\"><ul class=\"zilla-nav zilla-clearfix\"><li><a href=\"#zilla-tab-kurze-deutsche-version\">Kurze deutsche Version<\/a><\/li><li><a href=\"#zilla-tab-ausfuehrliche-russische-version\">ausf\u00fchrliche russische Version<\/a><\/li><\/ul><div id=\"zilla-tab-kurze-deutsche-version\" class=\"zilla-tab\">\n<p><iframe loading=\"lazy\" title=\"Coronavirus im Kaefig: Thaumatrop selbst gemacht\" width=\"640\" height=\"360\" src=\"https:\/\/www.youtube.com\/embed\/YmfXrxA-hHA?feature=oembed\" frameborder=\"0\" allow=\"accelerometer; autoplay; clipboard-write; encrypted-media; gyroscope; picture-in-picture; web-share\" referrerpolicy=\"strict-origin-when-cross-origin\" allowfullscreen><\/iframe><\/p>\n<\/div> <div id=\"zilla-tab-ausfuehrliche-russische-version\" class=\"zilla-tab\">\n<p><iframe loading=\"lazy\" title=\"Coronavirus v kletke \/ \u041a\u043e\u0440\u043e\u043d\u0430\u0432\u0438\u0440\u0443\u0441 \u0432 \u043a\u043b\u0435\u0442\u043a\u0435\" width=\"640\" height=\"360\" src=\"https:\/\/www.youtube.com\/embed\/fVpfB_xssTY?feature=oembed\" frameborder=\"0\" allow=\"accelerometer; autoplay; clipboard-write; encrypted-media; gyroscope; picture-in-picture; web-share\" referrerpolicy=\"strict-origin-when-cross-origin\" allowfullscreen><\/iframe><\/p>\n<\/div><\/div><\/div>\n<h3><span style=\"color: #993300;\">Zoetrop selbst gemacht 2020: Anweisungen zum Zoetrop<\/span><\/h3>\n<p><iframe loading=\"lazy\" title=\"Zoetrop selbst gemacht\" width=\"640\" height=\"360\" src=\"https:\/\/www.youtube.com\/embed\/ZKy9_BHmWeE?feature=oembed\" frameborder=\"0\" allow=\"accelerometer; autoplay; clipboard-write; encrypted-media; gyroscope; picture-in-picture; web-share\" referrerpolicy=\"strict-origin-when-cross-origin\" allowfullscreen><\/iframe><\/p>\n<\/div><\/div>\n<\/div>\n<h2><span style=\"color: #ff6600;\">Animierte Bilder: der erste Film<\/span><\/h2>\n<p>Dieser Film entstand im <em>Irina Pavlovas <\/em>Malstudio. Junge K\u00fcnstlerInnen\u00a0 haben die Bilder gemalt, sind aber auch &#8222;Architekte&#8220; und &#8222;Stadtchroniste&#8220; einer Fantasiestadt, in der sich ein H\u00e4uschen SCHALASCH mit dem Haupteinwohner Herzchen befindet. Die Bilder wurden unter Leitung von <em>Natia Bakhtadze<\/em> (Szenenbild) und <em>Elena Tikhomirova \/ Madden<\/em> (Regie und Schnitt) in Bewegung gebracht.<\/p>\n<p><iframe loading=\"lazy\" src=\"https:\/\/www.youtube.com\/embed\/uyQK8QGUaOg\" width=\"560\" height=\"315\" frameborder=\"0\" allowfullscreen=\"allowfullscreen\" data-mce-fragment=\"1\"><\/iframe><\/p>\n<h2><span style=\"color: #ff6600;\">Erste Animationsschritte von unseren Kindern<br \/>\n<\/span><\/h2>\n<p>&#8230; gemacht von Kindern aus <em>Irina Pavlovas<\/em> Malstudio (sowie von Sophie Bakhtadze, Jamie &amp; Mumba Chapa) mit Hilfe von <em>Elena Tikhomirova \/ Madden<\/em> und <em>Natia Bakhtadze<\/em>.<\/p>\n<div id=\"zilla-tabs-5\" class=\"zilla-tabs\"><div class=\"zilla-tab-inner\"><ul class=\"zilla-nav zilla-clearfix\"><li><a href=\"#zilla-tab-orange\">orange<\/a><\/li><li><a href=\"#zilla-tab-gruen\">gr\u00fcn<\/a><\/li><li><a href=\"#zilla-tab-blau\">blau<\/a><\/li><li><a href=\"#zilla-tab-schwarz\">schwarz<\/a><\/li><li><a href=\"#zilla-tab-gelb\">gelb<\/a><\/li><li><a href=\"#zilla-tab-sound\">sound<\/a><\/li><\/ul> <div id=\"zilla-tab-orange\" class=\"zilla-tab\">\nOrange: springt!<br \/>\n<img loading=\"lazy\" decoding=\"async\" class=\"alignnone size-full wp-image-2959\" src=\"http:\/\/schalasch.de\/wp1\/wp-content\/uploads\/2019\/10\/www.rot_.gif\" alt=\"\" width=\"923\" height=\"692\" \/><br \/>\n<\/div><div id=\"zilla-tab-gruen\" class=\"zilla-tab\">\nGr\u00fcn: droht, schie\u00dft mit dem Giftschwanz, lacht und&#8230; verliert das Gebi\u00df!<br \/>\n<img loading=\"lazy\" decoding=\"async\" class=\"alignnone size-full wp-image-2960\" src=\"http:\/\/schalasch.de\/wp1\/wp-content\/uploads\/2019\/10\/www.gruen_.gif\" alt=\"\" width=\"750\" height=\"562\" \/><br \/>\n<\/div><div id=\"zilla-tab-blau\" class=\"zilla-tab\">\nBlau: spielt mit dem Ball und rollt die Augen<br \/>\n<img loading=\"lazy\" decoding=\"async\" class=\"alignnone size-full wp-image-2961\" src=\"http:\/\/schalasch.de\/wp1\/wp-content\/uploads\/2019\/10\/www.blau_.gif\" alt=\"\" width=\"750\" height=\"562\" \/><br \/>\n<\/div><div id=\"zilla-tab-schwarz\" class=\"zilla-tab\">\nSchwarz: fliegt&#8230; und wird pl\u00f6tzlich zum Frosch!<br \/>\n<img loading=\"lazy\" decoding=\"async\" class=\"alignnone size-full wp-image-2962\" src=\"http:\/\/schalasch.de\/wp1\/wp-content\/uploads\/2019\/10\/www.schwarz.gif\" alt=\"\" width=\"750\" height=\"562\" \/><br \/>\n<\/div><div id=\"zilla-tab-gelb\" class=\"zilla-tab\">\nGelb: ein M\u00e4dchen spielt Ball mit dem Hund<\/p>\n<p><img loading=\"lazy\" decoding=\"async\" class=\"alignnone size-full wp-image-2963\" src=\"http:\/\/schalasch.de\/wp1\/wp-content\/uploads\/2019\/10\/yellow-dog_www.gifcreator.me_edowxt.gif\" alt=\"\" width=\"1385\" height=\"1039\" \/><\/p>\n<\/div><div id=\"zilla-tab-sound\" class=\"zilla-tab\"> Und mit Sound: ein Drachen<\/p>\n<\/div> <\/div><\/div>\n<h2><span style=\"color: #ff6600;\">&#8230; und von unseren Praktikantinnen<\/span><\/h2>\n<p>gefertigt von Seda Khabieva und Mariam Alautdinova, unter Leitung von Elena Tikhomirova \/ Madden<\/p>\n<div class=\"su-spoiler su-spoiler-style-default su-spoiler-icon-plus su-spoiler-closed\" data-scroll-offset=\"0\" data-anchor-in-url=\"no\"><div class=\"su-spoiler-title\" tabindex=\"0\" role=\"button\"><span class=\"su-spoiler-icon\"><\/span>Animierte Lovestory...<\/div><div class=\"su-spoiler-content su-u-clearfix su-u-trim\">\n<div id=\"zilla-tabs-6\" class=\"zilla-tabs\"><div class=\"zilla-tab-inner\"><ul class=\"zilla-nav zilla-clearfix\"><li><a href=\"#zilla-tab-als-gif\">als gif<\/a><\/li><li><a href=\"#zilla-tab-und-als-mp4\">und als mp4<\/a><\/li><\/ul> <div id=\"zilla-tab-als-gif\" class=\"zilla-tab\">\n<p><img loading=\"lazy\" decoding=\"async\" class=\"alignnone size-full wp-image-2964\" src=\"http:\/\/schalasch.de\/wp1\/wp-content\/uploads\/2019\/10\/herzpraktikantinnen_big.gif\" alt=\"\" width=\"1000\" height=\"1000\" \/><\/p>\n<p>&nbsp;<\/p>\n<\/div><div id=\"zilla-tab-und-als-mp4\" class=\"zilla-tab\">\n<p><iframe loading=\"lazy\" title=\"Lovestory by our interns\" width=\"640\" height=\"360\" src=\"https:\/\/www.youtube.com\/embed\/8BDcEHV949E?feature=oembed\" frameborder=\"0\" allow=\"accelerometer; autoplay; clipboard-write; encrypted-media; gyroscope; picture-in-picture; web-share\" referrerpolicy=\"strict-origin-when-cross-origin\" allowfullscreen><\/iframe><\/p>\n<\/div> <\/div><\/div>\n<\/div><\/div>","protected":false},"excerpt":{"rendered":"<p>Wir feiern Wir lernen Animierte Bilder: der erste Film Dieser Film entstand im Irina Pavlovas Malstudio. Junge K\u00fcnstlerInnen\u00a0 haben die Bilder gemalt, sind aber auch &#8222;Architekte&#8220; und &#8222;Stadtchroniste&#8220; einer Fantasiestadt, [&hellip;]<\/p>","protected":false},"author":1,"featured_media":3218,"parent":0,"menu_order":0,"comment_status":"closed","ping_status":"closed","template":"","meta":{"footnotes":""},"class_list":["post-2316","page","type-page","status-publish","has-post-thumbnail","hentry"],"acf":[],"_links":{"self":[{"href":"https:\/\/schalasch.de\/ru\/wp-json\/wp\/v2\/pages\/2316","targetHints":{"allow":["GET"]}}],"collection":[{"href":"https:\/\/schalasch.de\/ru\/wp-json\/wp\/v2\/pages"}],"about":[{"href":"https:\/\/schalasch.de\/ru\/wp-json\/wp\/v2\/types\/page"}],"author":[{"embeddable":true,"href":"https:\/\/schalasch.de\/ru\/wp-json\/wp\/v2\/users\/1"}],"replies":[{"embeddable":true,"href":"https:\/\/schalasch.de\/ru\/wp-json\/wp\/v2\/comments?post=2316"}],"version-history":[{"count":0,"href":"https:\/\/schalasch.de\/ru\/wp-json\/wp\/v2\/pages\/2316\/revisions"}],"wp:featuredmedia":[{"embeddable":true,"href":"https:\/\/schalasch.de\/ru\/wp-json\/wp\/v2\/media\/3218"}],"wp:attachment":[{"href":"https:\/\/schalasch.de\/ru\/wp-json\/wp\/v2\/media?parent=2316"}],"curies":[{"name":"wp","href":"https:\/\/api.w.org\/{rel}","templated":true}]}}