{"id":1772,"date":"2016-03-01T08:52:57","date_gmt":"2016-03-01T07:52:57","guid":{"rendered":"http:\/\/schalasch.de\/?page_id=1772"},"modified":"2026-03-09T13:18:30","modified_gmt":"2026-03-09T12:18:30","slug":"raum","status":"publish","type":"page","link":"https:\/\/schalasch.de\/ru\/raum\/","title":{"rendered":"Unsere R\u00e4ume"},"content":{"rendered":"<h2>FREIRAUM f\u00fcr euch!<\/h2>\n<p>F\u00fcr Auff\u00fchrungen, Pr\u00e4sentationen, Tagungen, Seminare, Kurse, Aktionen bietet unser Saal und auch AVIATOR sehr flexible M\u00f6glichkeiten:<\/p>\n<ul>\n<li>gro\u00df und leer oder nach Bedarf eingerichtet<\/li>\n<li>beleuchtet und beschallt<\/li>\n<li>im hellen Tageslicht oder Theaterdunkel<\/li>\n<li>mit und ohne Catering<\/li>\n<li>Tagungstechnik ist vorhanden<\/li>\n<li>Mehrzweckr\u00e4ume stehen f\u00fcr Gruppen zur Verf\u00fcgung<\/li>\n<\/ul>\n<p><strong>Bei Interesse kontaktiert uns gerne!<\/strong><\/p>\n<p><a href=\"https:\/\/schalasch.de\/wp1\/wp-content\/uploads\/2026\/03\/preisliste_schalasch.pdf\">Preisliste_Schalasch<\/a><\/p>\n<div id='gallery-1' class='gallery galleryid-1772 gallery-columns-2 gallery-size-medium'><figure class='gallery-item'>\n\t\t\t<div class='gallery-icon landscape'>\n\t\t\t\t<a href='https:\/\/schalasch.de\/ru\/dscn5230\/'><img loading=\"lazy\" decoding=\"async\" width=\"250\" height=\"188\" src=\"https:\/\/schalasch.de\/wp1\/wp-content\/uploads\/2016\/02\/DSCN5230.jpg\" class=\"attachment-medium size-medium\" alt=\"\" aria-describedby=\"gallery-1-1753\" \/><\/a>\n\t\t\t<\/div>\n\t\t\t\t<figcaption class='wp-caption-text gallery-caption' id='gallery-1-1753'>\n\t\t\t\tSpiegelsaal\n\t\t\t\t<\/figcaption><\/figure><figure class='gallery-item'>\n\t\t\t<div class='gallery-icon landscape'>\n\t\t\t\t<a href='https:\/\/schalasch.de\/ru\/dscn5233\/'><img loading=\"lazy\" decoding=\"async\" width=\"250\" height=\"188\" src=\"https:\/\/schalasch.de\/wp1\/wp-content\/uploads\/2016\/02\/DSCN5233-400x300.jpg\" class=\"attachment-medium size-medium\" alt=\"\" aria-describedby=\"gallery-1-1766\" srcset=\"https:\/\/schalasch.de\/wp1\/wp-content\/uploads\/2016\/02\/DSCN5233-400x300.jpg 400w, https:\/\/schalasch.de\/wp1\/wp-content\/uploads\/2016\/02\/DSCN5233-768x576.jpg 768w, https:\/\/schalasch.de\/wp1\/wp-content\/uploads\/2016\/02\/DSCN5233-1024x768.jpg 1024w\" sizes=\"auto, (max-width: 250px) 100vw, 250px\" \/><\/a>\n\t\t\t<\/div>\n\t\t\t\t<figcaption class='wp-caption-text gallery-caption' id='gallery-1-1766'>\n\t\t\t\tSpiegelsaal\n\t\t\t\t<\/figcaption><\/figure><figure class='gallery-item'>\n\t\t\t<div class='gallery-icon landscape'>\n\t\t\t\t<a href='https:\/\/schalasch.de\/ru\/dscn5242\/'><img loading=\"lazy\" decoding=\"async\" width=\"250\" height=\"188\" src=\"https:\/\/schalasch.de\/wp1\/wp-content\/uploads\/2016\/02\/DSCN5242-400x300.jpg\" class=\"attachment-medium size-medium\" alt=\"\" aria-describedby=\"gallery-1-1756\" srcset=\"https:\/\/schalasch.de\/wp1\/wp-content\/uploads\/2016\/02\/DSCN5242-400x300.jpg 400w, https:\/\/schalasch.de\/wp1\/wp-content\/uploads\/2016\/02\/DSCN5242-768x576.jpg 768w, https:\/\/schalasch.de\/wp1\/wp-content\/uploads\/2016\/02\/DSCN5242-1024x768.jpg 1024w\" sizes=\"auto, (max-width: 250px) 100vw, 250px\" \/><\/a>\n\t\t\t<\/div>\n\t\t\t\t<figcaption class='wp-caption-text gallery-caption' id='gallery-1-1756'>\n\t\t\t\tEmpfangsraum\n\t\t\t\t<\/figcaption><\/figure><figure class='gallery-item'>\n\t\t\t<div class='gallery-icon landscape'>\n\t\t\t\t<a href='https:\/\/schalasch.de\/ru\/dscn5244\/'><img loading=\"lazy\" decoding=\"async\" width=\"250\" height=\"188\" src=\"https:\/\/schalasch.de\/wp1\/wp-content\/uploads\/2016\/02\/DSCN5244-400x300.jpg\" class=\"attachment-medium size-medium\" alt=\"\" aria-describedby=\"gallery-1-1758\" srcset=\"https:\/\/schalasch.de\/wp1\/wp-content\/uploads\/2016\/02\/DSCN5244-400x300.jpg 400w, https:\/\/schalasch.de\/wp1\/wp-content\/uploads\/2016\/02\/DSCN5244-768x576.jpg 768w, https:\/\/schalasch.de\/wp1\/wp-content\/uploads\/2016\/02\/DSCN5244-1024x768.jpg 1024w\" sizes=\"auto, (max-width: 250px) 100vw, 250px\" \/><\/a>\n\t\t\t<\/div>\n\t\t\t\t<figcaption class='wp-caption-text gallery-caption' id='gallery-1-1758'>\n\t\t\t\tTeek\u00fcche\n\t\t\t\t<\/figcaption><\/figure><figure class='gallery-item'>\n\t\t\t<div class='gallery-icon landscape'>\n\t\t\t\t<a href='https:\/\/schalasch.de\/ru\/kleiner-saal-2\/'><img loading=\"lazy\" decoding=\"async\" width=\"250\" height=\"188\" src=\"https:\/\/schalasch.de\/wp1\/wp-content\/uploads\/2016\/02\/kleiner-saal-2-400x300.jpg\" class=\"attachment-medium size-medium\" alt=\"\" aria-describedby=\"gallery-1-1761\" srcset=\"https:\/\/schalasch.de\/wp1\/wp-content\/uploads\/2016\/02\/kleiner-saal-2-400x300.jpg 400w, https:\/\/schalasch.de\/wp1\/wp-content\/uploads\/2016\/02\/kleiner-saal-2-768x576.jpg 768w, https:\/\/schalasch.de\/wp1\/wp-content\/uploads\/2016\/02\/kleiner-saal-2-1024x768.jpg 1024w\" sizes=\"auto, (max-width: 250px) 100vw, 250px\" \/><\/a>\n\t\t\t<\/div>\n\t\t\t\t<figcaption class='wp-caption-text gallery-caption' id='gallery-1-1761'>\n\t\t\t\tKleiner Spiegelsaal\n\t\t\t\t<\/figcaption><\/figure><figure class='gallery-item'>\n\t\t\t<div class='gallery-icon landscape'>\n\t\t\t\t<a href='https:\/\/schalasch.de\/ru\/kleiner-saal\/'><img loading=\"lazy\" decoding=\"async\" width=\"250\" height=\"188\" src=\"https:\/\/schalasch.de\/wp1\/wp-content\/uploads\/2016\/02\/kleiner-saal-400x300.jpg\" class=\"attachment-medium size-medium\" alt=\"\" aria-describedby=\"gallery-1-1762\" srcset=\"https:\/\/schalasch.de\/wp1\/wp-content\/uploads\/2016\/02\/kleiner-saal-400x300.jpg 400w, https:\/\/schalasch.de\/wp1\/wp-content\/uploads\/2016\/02\/kleiner-saal-768x576.jpg 768w, https:\/\/schalasch.de\/wp1\/wp-content\/uploads\/2016\/02\/kleiner-saal-1024x768.jpg 1024w\" sizes=\"auto, (max-width: 250px) 100vw, 250px\" \/><\/a>\n\t\t\t<\/div>\n\t\t\t\t<figcaption class='wp-caption-text gallery-caption' id='gallery-1-1762'>\n\t\t\t\tKleiner Spiegelsaal\n\t\t\t\t<\/figcaption><\/figure><figure class='gallery-item'>\n\t\t\t<div class='gallery-icon landscape'>\n\t\t\t\t<a href='https:\/\/schalasch.de\/ru\/bibliothek-alles\/'><img loading=\"lazy\" decoding=\"async\" width=\"250\" height=\"188\" src=\"https:\/\/schalasch.de\/wp1\/wp-content\/uploads\/2016\/02\/bibliothek-alles-400x300.jpg\" class=\"attachment-medium size-medium\" alt=\"\" aria-describedby=\"gallery-1-1750\" srcset=\"https:\/\/schalasch.de\/wp1\/wp-content\/uploads\/2016\/02\/bibliothek-alles-400x300.jpg 400w, https:\/\/schalasch.de\/wp1\/wp-content\/uploads\/2016\/02\/bibliothek-alles-768x576.jpg 768w, https:\/\/schalasch.de\/wp1\/wp-content\/uploads\/2016\/02\/bibliothek-alles-1024x768.jpg 1024w\" sizes=\"auto, (max-width: 250px) 100vw, 250px\" \/><\/a>\n\t\t\t<\/div>\n\t\t\t\t<figcaption class='wp-caption-text gallery-caption' id='gallery-1-1750'>\n\t\t\t\tBibliothek\n\t\t\t\t<\/figcaption><\/figure><figure class='gallery-item'>\n\t\t\t<div class='gallery-icon landscape'>\n\t\t\t\t<a href='https:\/\/schalasch.de\/ru\/225013820967708-2\/'><img loading=\"lazy\" decoding=\"async\" width=\"250\" height=\"188\" src=\"https:\/\/schalasch.de\/wp1\/wp-content\/uploads\/2016\/02\/225013820967708-1-400x300.jpg\" class=\"attachment-medium size-medium\" alt=\"\" aria-describedby=\"gallery-1-1763\" srcset=\"https:\/\/schalasch.de\/wp1\/wp-content\/uploads\/2016\/02\/225013820967708-1-400x300.jpg 400w, https:\/\/schalasch.de\/wp1\/wp-content\/uploads\/2016\/02\/225013820967708-1.jpg 640w\" sizes=\"auto, (max-width: 250px) 100vw, 250px\" \/><\/a>\n\t\t\t<\/div>\n\t\t\t\t<figcaption class='wp-caption-text gallery-caption' id='gallery-1-1763'>\n\t\t\t\tN\u00e4hwerkstatt\n\t\t\t\t<\/figcaption><\/figure><figure class='gallery-item'>\n\t\t\t<div class='gallery-icon landscape'>\n\t\t\t\t<a href='https:\/\/schalasch.de\/ru\/dscn5231\/'><img loading=\"lazy\" decoding=\"async\" width=\"250\" height=\"172\" src=\"https:\/\/schalasch.de\/wp1\/wp-content\/uploads\/2016\/02\/DSCN5231-437x300.jpg\" class=\"attachment-medium size-medium\" alt=\"\" aria-describedby=\"gallery-1-1754\" srcset=\"https:\/\/schalasch.de\/wp1\/wp-content\/uploads\/2016\/02\/DSCN5231-437x300.jpg 437w, https:\/\/schalasch.de\/wp1\/wp-content\/uploads\/2016\/02\/DSCN5231-768x527.jpg 768w, https:\/\/schalasch.de\/wp1\/wp-content\/uploads\/2016\/02\/DSCN5231-1024x702.jpg 1024w\" sizes=\"auto, (max-width: 250px) 100vw, 250px\" \/><\/a>\n\t\t\t<\/div>\n\t\t\t\t<figcaption class='wp-caption-text gallery-caption' id='gallery-1-1754'>\n\t\t\t\tSpiegelsaal\n\t\t\t\t<\/figcaption><\/figure><figure class='gallery-item'>\n\t\t\t<div class='gallery-icon landscape'>\n\t\t\t\t<a href='https:\/\/schalasch.de\/ru\/raum\/dsc02033-2\/'><img loading=\"lazy\" decoding=\"async\" width=\"250\" height=\"138\" src=\"https:\/\/schalasch.de\/wp1\/wp-content\/uploads\/2021\/03\/dsc02033-2-250x138.jpg\" class=\"attachment-medium size-medium\" alt=\"\" aria-describedby=\"gallery-1-3456\" srcset=\"https:\/\/schalasch.de\/wp1\/wp-content\/uploads\/2021\/03\/dsc02033-2-250x138.jpg 250w, https:\/\/schalasch.de\/wp1\/wp-content\/uploads\/2021\/03\/dsc02033-2.jpg 800w\" sizes=\"auto, (max-width: 250px) 100vw, 250px\" \/><\/a>\n\t\t\t<\/div>\n\t\t\t\t<figcaption class='wp-caption-text gallery-caption' id='gallery-1-3456'>\n\t\t\t\tAVIATOR\n\t\t\t\t<\/figcaption><\/figure>\n\t\t<\/div>\n\n<p>&nbsp;<\/p>","protected":false},"excerpt":{"rendered":"<p>FREIRAUM f\u00fcr euch! F\u00fcr Auff\u00fchrungen, Pr\u00e4sentationen, Tagungen, Seminare, Kurse, Aktionen bietet unser Saal und auch AVIATOR sehr flexible M\u00f6glichkeiten: gro\u00df und leer oder nach Bedarf eingerichtet beleuchtet und beschallt im [&hellip;]<\/p>","protected":false},"author":1,"featured_media":0,"parent":0,"menu_order":0,"comment_status":"closed","ping_status":"closed","template":"page-full-width-image.php","meta":{"footnotes":""},"class_list":["post-1772","page","type-page","status-publish","hentry"],"acf":[],"_links":{"self":[{"href":"https:\/\/schalasch.de\/ru\/wp-json\/wp\/v2\/pages\/1772","targetHints":{"allow":["GET"]}}],"collection":[{"href":"https:\/\/schalasch.de\/ru\/wp-json\/wp\/v2\/pages"}],"about":[{"href":"https:\/\/schalasch.de\/ru\/wp-json\/wp\/v2\/types\/page"}],"author":[{"embeddable":true,"href":"https:\/\/schalasch.de\/ru\/wp-json\/wp\/v2\/users\/1"}],"replies":[{"embeddable":true,"href":"https:\/\/schalasch.de\/ru\/wp-json\/wp\/v2\/comments?post=1772"}],"version-history":[{"count":7,"href":"https:\/\/schalasch.de\/ru\/wp-json\/wp\/v2\/pages\/1772\/revisions"}],"predecessor-version":[{"id":3455,"href":"https:\/\/schalasch.de\/ru\/wp-json\/wp\/v2\/pages\/1772\/revisions\/3455"}],"wp:attachment":[{"href":"https:\/\/schalasch.de\/ru\/wp-json\/wp\/v2\/media?parent=1772"}],"curies":[{"name":"wp","href":"https:\/\/api.w.org\/{rel}","templated":true}]}}