{"id":157,"date":"2015-03-03T01:20:00","date_gmt":"2015-03-03T00:20:00","guid":{"rendered":"http:\/\/schalasch.de\/wp1\/?page_id=157"},"modified":"2026-04-07T14:25:26","modified_gmt":"2026-04-07T12:25:26","slug":"beratung","status":"publish","type":"page","link":"https:\/\/schalasch.de\/ru\/beratung\/","title":{"rendered":"Beratung"},"content":{"rendered":"<p data-start=\"562\" data-end=\"724\"><img loading=\"lazy\" decoding=\"async\" class=\"alignnone size-large wp-image-4289\" src=\"https:\/\/schalasch.de\/wp1\/wp-content\/uploads\/2026\/04\/flyerjugendberatung-1024x1024.png\" alt=\"\" width=\"640\" height=\"640\" srcset=\"https:\/\/schalasch.de\/wp1\/wp-content\/uploads\/2026\/04\/flyerjugendberatung-1024x1024.png 1024w, https:\/\/schalasch.de\/wp1\/wp-content\/uploads\/2026\/04\/flyerjugendberatung-250x250.png 250w, https:\/\/schalasch.de\/wp1\/wp-content\/uploads\/2026\/04\/flyerjugendberatung-150x150.png 150w, https:\/\/schalasch.de\/wp1\/wp-content\/uploads\/2026\/04\/flyerjugendberatung-12x12.png 12w, https:\/\/schalasch.de\/wp1\/wp-content\/uploads\/2026\/04\/flyerjugendberatung.png 1080w\" sizes=\"auto, (max-width: 640px) 100vw, 640px\" \/><\/p>\n<p data-start=\"169\" data-end=\"435\">\u041c\u044b \u043f\u043e\u043c\u043e\u0433\u0430\u0435\u043c \u043c\u043e\u043b\u043e\u0434\u044b\u043c \u043b\u044e\u0434\u044f\u043c \u0440\u0430\u0437\u043e\u0431\u0440\u0430\u0442\u044c\u0441\u044f \u0432 \u043e\u0441\u043e\u0431\u0435\u043d\u043d\u043e\u0441\u0442\u044f\u0445 \u043d\u0435\u043c\u0435\u0446\u043a\u043e\u0439 \u0441\u0438\u0441\u0442\u0435\u043c\u044b \u043e\u0431\u0440\u0430\u0437\u043e\u0432\u0430\u043d\u0438\u044f \u0438 \u043d\u0430\u0439\u0442\u0438 \u0441\u0432\u043e\u0451 \u043d\u0430\u043f\u0440\u0430\u0432\u043b\u0435\u043d\u0438\u0435<\/p>\n<p data-start=\"169\" data-end=\"435\">\u2014 \u0443\u0447\u0451\u0431\u0430, \u043f\u0440\u043e\u0444\u0435\u0441\u0441\u0438\u044f, \u043f\u0440\u0430\u043a\u0442\u0438\u043a\u0430 \u0438\u043b\u0438 \u0447\u0442\u043e-\u0442\u043e \u0434\u0440\u0443\u0433\u043e\u0435. \u0412\u043c\u0435\u0441\u0442\u0435 \u043c\u044b \u0440\u0430\u0437\u0431\u0435\u0440\u0451\u043c\u0441\u044f \u0432 \u0432\u043e\u0437\u043c\u043e\u0436\u043d\u043e\u0441\u0442\u044f\u0445 \u0438 \u0441\u043e\u0441\u0442\u0430\u0432\u0438\u043c \u043f\u043b\u0430\u043d \u043d\u0430 \u0431\u0443\u0434\u0443\u0449\u0435\u0435.<\/p>\n<p data-start=\"437\" data-end=\"560\">\u041a\u043e\u043d\u0441\u0443\u043b\u044c\u0442\u0430\u0446\u0438\u0438 \u043f\u0440\u043e\u0445\u043e\u0434\u044f\u0442 \u043d\u0430 \u0440\u0443\u0441\u0441\u043a\u043e\u043c, \u043d\u0435\u043c\u0435\u0446\u043a\u043e\u043c \u0438 \u0430\u043d\u0433\u043b\u0438\u0439\u0441\u043a\u043e\u043c \u044f\u0437\u044b\u043a\u0430\u0445 \u2014 \u0438\u043d\u0434\u0438\u0432\u0438\u0434\u0443\u0430\u043b\u044c\u043d\u043e, \u0431\u0435\u0441\u043f\u043b\u0430\u0442\u043d\u043e \u0438 \u0441 \u0432\u043d\u0438\u043c\u0430\u043d\u0438\u0435\u043c \u043a \u0442\u0432\u043e\u0438\u043c \u0432\u043e\u043f\u0440\u043e\u0441\u0430\u043c.<\/p>\n<p data-start=\"562\" data-end=\"724\">\ud83d\udccd\u00a0<em data-start=\"565\" data-end=\"594\">Jugendberatung im Schalasch<\/em>\u00a0\u2014 \u043f\u0440\u043e\u0435\u043a\u0442 Club Dialog e.V.<br data-start=\"620\" data-end=\"623\" \/>\u041c\u043e\u043b\u043e\u0434\u0451\u0436\u043d\u044b\u0439 \u0446\u0435\u043d\u0442\u0440 \u00ab\u0428\u0430\u043b\u0430\u0448\u00bb<br data-start=\"647\" data-end=\"650\" \/>Lindower Str. 18, 13347 Berlin<br data-start=\"680\" data-end=\"683\" \/>\ud83d\udcde 030 285 994 85<br data-start=\"700\" data-end=\"703\" data-is-only-node=\"\" \/>\ud83d\udce7\u00a0<a target=\"_blank\" rel=\"noopener noreferrer\" data-start=\"706\" data-end=\"724\">mitte@schalasch.de<\/a><\/p>\n<p>Liebe Besucher*innen!<\/p>\n<p>Wir helfen bei der Berufsfindung und der L\u00f6sung individueller Probleme. Wir beraten pers\u00f6nlich und telefonisch.<\/p>\n<p><strong>Montag \u2013 Freitag 12-18h\u00a0\u00a0 Tel: 030 &#8211; 285 99 485<\/strong>\u00a0 \u00a0 <strong>Email: mitte@schalasch.de<\/strong><\/p>\n<p>&nbsp;<\/p>\n<p>Wir beraten zu Fragen rund um <strong>Schule, Ausbildung, Studium und Berufsfindung<\/strong><\/p>\n<ul>\n<li>Jugendliche und junge Erwachsene bis 27 Jahren<\/li>\n<li>auf Deutsch, Russisch und Englisch<\/li>\n<\/ul>\n<p>&nbsp;<\/p>\n<p>Fragst du dich:<br \/>\n<em>Was m\u00f6chte ich eigentlich nach der Schule machen?<\/em><br \/>\n<em>Wie kann ich mich in Deutschland zurechtfinden und einen Job finden?<\/em><br \/>\n<em>Welcher Beruf ist wohl der passende f\u00fcr mich?<\/em><br \/>\n<em>Wie finde ich endlich eine Ausbildung?<\/em><br \/>\n<em>Kein Schulabschluss &#8211; keine Zukunft?<\/em><\/p>\n<p><em>Werden meine Zeugnisse\/ mein Schulabschluss hier anerkannt?<\/em><\/p>\n<p>Suchst du jemanden, der mit dir <strong>zum Amt geht<\/strong>?<br \/>\nBrauchst du Hilfe bei deinen <strong>Bewerbungen<\/strong>?<br \/>\nHat es mit der <strong>Ausbildung nicht geklappt und du suchst nach Alternativen<\/strong>?<\/p>\n<p>&nbsp;<\/p>\n<p><span style=\"font-size: 14pt;\"><strong>Projektkoordination und Beraterin: Evi (bei Fragen zu Schule, Beruf und auch allem Weiteren!)<\/strong><\/span><\/p>\n<p><img loading=\"lazy\" decoding=\"async\" class=\"alignnone wp-image-4036\" src=\"https:\/\/schalasch.de\/wp1\/wp-content\/uploads\/2024\/05\/47-1024x683.jpg\" alt=\"\" width=\"551\" height=\"368\" srcset=\"https:\/\/schalasch.de\/wp1\/wp-content\/uploads\/2024\/05\/47-1024x683.jpg 1024w, https:\/\/schalasch.de\/wp1\/wp-content\/uploads\/2024\/05\/47-250x167.jpg 250w, https:\/\/schalasch.de\/wp1\/wp-content\/uploads\/2024\/05\/47-1536x1024.jpg 1536w, https:\/\/schalasch.de\/wp1\/wp-content\/uploads\/2024\/05\/47-2048x1365.jpg 2048w, https:\/\/schalasch.de\/wp1\/wp-content\/uploads\/2024\/05\/47-16x12.jpg 16w\" sizes=\"auto, (max-width: 551px) 100vw, 551px\" \/><\/p>\n<p>&nbsp;<\/p>\n<p>Manchmal spontan und immer gerne auch nach Vereinbarung!<br \/>\nTel: 030 \/ 285 99 485<br \/>\nE-Mail: <a href=\"mailto:mitte@schalasch.de\">mitte@schalasch.de<\/a><\/p>\n<p><strong>Beraterin: \u00a0 Ekaterina Mayer-Sawatzki\u00a0 (bei Fragen zu Schule und Beruf)<\/strong><\/p>\n<p><img loading=\"lazy\" decoding=\"async\" class=\"alignnone wp-image-3699\" src=\"https:\/\/schalasch.de\/wp1\/wp-content\/uploads\/2022\/02\/dsc_2000-1024x683.jpg\" alt=\"\" width=\"550\" height=\"367\" srcset=\"https:\/\/schalasch.de\/wp1\/wp-content\/uploads\/2022\/02\/dsc_2000-1024x683.jpg 1024w, https:\/\/schalasch.de\/wp1\/wp-content\/uploads\/2022\/02\/dsc_2000-250x167.jpg 250w, https:\/\/schalasch.de\/wp1\/wp-content\/uploads\/2022\/02\/dsc_2000-1536x1024.jpg 1536w, https:\/\/schalasch.de\/wp1\/wp-content\/uploads\/2022\/02\/dsc_2000-2048x1365.jpg 2048w, https:\/\/schalasch.de\/wp1\/wp-content\/uploads\/2022\/02\/dsc_2000-16x12.jpg 16w\" sizes=\"auto, (max-width: 550px) 100vw, 550px\" \/><\/p>\n<p>Manchmal spontan und immer gerne auch nach Vereinbarung!<br \/>\nTel: 030 \/ 285 99 485<br \/>\nE-Mail: <a href=\"mailto:sihler@club-dialog.de\">jugendberatung@club-dialog.de<\/a><\/p>\n<p>&nbsp;<\/p>\n<p><span style=\"font-size: 12pt;\">Sch\u00fcler*innen und Jugendlichen in Ausbildung k\u00f6nnen wir auch <span style=\"font-size: 18pt;\"><strong>Praktikumspl\u00e4tze<\/strong><\/span> anbieten!<\/span><\/p>\n<p>(B\u00fcrot\u00e4tigkeit, Sch\u00fclerpraktikum,\u00a0 Schnupperpraktika zur beruflichen Orientierung)<\/p>\n<p>&nbsp;<\/p>\n<p>&nbsp;<\/p>\n<p>&nbsp;<\/p>","protected":false},"excerpt":{"rendered":"<p>\u041c\u044b \u043f\u043e\u043c\u043e\u0433\u0430\u0435\u043c \u043c\u043e\u043b\u043e\u0434\u044b\u043c \u043b\u044e\u0434\u044f\u043c \u0440\u0430\u0437\u043e\u0431\u0440\u0430\u0442\u044c\u0441\u044f \u0432 \u043e\u0441\u043e\u0431\u0435\u043d\u043d\u043e\u0441\u0442\u044f\u0445 \u043d\u0435\u043c\u0435\u0446\u043a\u043e\u0439 \u0441\u0438\u0441\u0442\u0435\u043c\u044b \u043e\u0431\u0440\u0430\u0437\u043e\u0432\u0430\u043d\u0438\u044f \u0438 \u043d\u0430\u0439\u0442\u0438 \u0441\u0432\u043e\u0451 \u043d\u0430\u043f\u0440\u0430\u0432\u043b\u0435\u043d\u0438\u0435 \u2014 \u0443\u0447\u0451\u0431\u0430, \u043f\u0440\u043e\u0444\u0435\u0441\u0441\u0438\u044f, \u043f\u0440\u0430\u043a\u0442\u0438\u043a\u0430 \u0438\u043b\u0438 \u0447\u0442\u043e-\u0442\u043e \u0434\u0440\u0443\u0433\u043e\u0435. \u0412\u043c\u0435\u0441\u0442\u0435 \u043c\u044b \u0440\u0430\u0437\u0431\u0435\u0440\u0451\u043c\u0441\u044f \u0432 \u0432\u043e\u0437\u043c\u043e\u0436\u043d\u043e\u0441\u0442\u044f\u0445 \u0438 \u0441\u043e\u0441\u0442\u0430\u0432\u0438\u043c \u043f\u043b\u0430\u043d \u043d\u0430 [&hellip;]<\/p>","protected":false},"author":1,"featured_media":0,"parent":0,"menu_order":0,"comment_status":"closed","ping_status":"open","template":"","meta":{"footnotes":""},"class_list":["post-157","page","type-page","status-publish","hentry"],"acf":[],"_links":{"self":[{"href":"https:\/\/schalasch.de\/ru\/wp-json\/wp\/v2\/pages\/157","targetHints":{"allow":["GET"]}}],"collection":[{"href":"https:\/\/schalasch.de\/ru\/wp-json\/wp\/v2\/pages"}],"about":[{"href":"https:\/\/schalasch.de\/ru\/wp-json\/wp\/v2\/types\/page"}],"author":[{"embeddable":true,"href":"https:\/\/schalasch.de\/ru\/wp-json\/wp\/v2\/users\/1"}],"replies":[{"embeddable":true,"href":"https:\/\/schalasch.de\/ru\/wp-json\/wp\/v2\/comments?post=157"}],"version-history":[{"count":18,"href":"https:\/\/schalasch.de\/ru\/wp-json\/wp\/v2\/pages\/157\/revisions"}],"predecessor-version":[{"id":4290,"href":"https:\/\/schalasch.de\/ru\/wp-json\/wp\/v2\/pages\/157\/revisions\/4290"}],"wp:attachment":[{"href":"https:\/\/schalasch.de\/ru\/wp-json\/wp\/v2\/media?parent=157"}],"curies":[{"name":"wp","href":"https:\/\/api.w.org\/{rel}","templated":true}]}}