{"id":128,"date":"2015-03-03T01:34:02","date_gmt":"2015-03-03T00:34:02","guid":{"rendered":"http:\/\/schalasch.de\/wp1\/?page_id=128"},"modified":"2021-03-10T16:25:53","modified_gmt":"2021-03-10T15:25:53","slug":"wir-4","status":"publish","type":"page","link":"https:\/\/schalasch.de\/ru\/wir-4\/","title":{"rendered":"Wir"},"content":{"rendered":"<p data-fontsize=\"18\" data-lineheight=\"23\"><a href=\"https:\/\/www.berlin.de\/ba-mitte\/\"><img loading=\"lazy\" decoding=\"async\" class=\"alignleft size-full wp-image-2761\" style=\"display: none;\" src=\"http:\/\/schalasch.de\/wp1\/wp-content\/uploads\/2019\/06\/10_logoleiste_10-e1561044669280.png\" alt=\"\" width=\"100\" height=\"116\" \/><\/a><\/p>\n<p><span style=\"font-size: 14pt;\"><strong>SCHALASCH<\/strong><\/span> ist eine Bildungs- und Freizeiteinrichtung f\u00fcr Kinder, Jugendliche und Familien im Bezirk Mitte und steht f\u00fcr euch offen!<\/p>\n<p>Das Zentrum f\u00f6rdert den interkulturellen Dialog, unterst\u00fctzt bei der Integration, f\u00f6rdert Eigeninitiative und die Kreativit\u00e4t von Kindern und Jugendlichen.<\/p>\n<p>Ihr wollt an unseren Kursen oder Aktionen teilnehmen, unsere Veranstaltungen besuchen oder w\u00fcnscht Beratung? Vielleicht habt ihr selbst tolle Ideen und m\u00f6chtet euch engagieren?<\/p>\n<p>Na dann, hereinspaziert!<\/p>\n<p>Wir f\u00fchren die unterschiedlichsten, spannenden Projekte durch aber auch in unseren offenen Angeboten (Jugendtreffs, Clubs, Konzerte, Theater, Vortr\u00e4ge\u2026.) seid ihr immer herzlich willkommen!<\/p>\n<p><img loading=\"lazy\" decoding=\"async\" class=\"wp-image-3395 alignright\" src=\"https:\/\/schalasch.de\/wp1\/wp-content\/uploads\/2021\/02\/schlogo_black_big.jpg\" alt=\"\" width=\"154\" height=\"154\" srcset=\"https:\/\/schalasch.de\/wp1\/wp-content\/uploads\/2021\/02\/schlogo_black_big.jpg 192w, https:\/\/schalasch.de\/wp1\/wp-content\/uploads\/2021\/02\/schlogo_black_big-150x150.jpg 150w\" sizes=\"auto, (max-width: 154px) 100vw, 154px\" \/><\/p>\n<p style=\"text-align: right;\">Interkulturelles Jugend- und Familienzentrum SCHALASCH<\/p>\n<p style=\"text-align: right;\">Lindower Str. 18, 13347 Berlin-Wedding<\/p>\n<p style=\"text-align: right;\">Telefon: +49 (0) 30\/28 59 94 85<\/p>\n<p style=\"text-align: right;\">WhatsApp: +49(0)15730940870<\/p>\n<p style=\"text-align: right;\">Facebook: <a href=\"https:\/\/www.facebook.com\/pg\/schalasch\/groups\/\"><span style=\"color: #000000;\">https:\/\/www.facebook.com\/pg\/schalasch\/groups\/<\/span><\/a><\/p>\n<p><img loading=\"lazy\" decoding=\"async\" class=\"alignnone wp-image-3393 size-full\" src=\"https:\/\/schalasch.de\/wp1\/wp-content\/uploads\/2021\/02\/klounade8.jpg\" alt=\"\" width=\"2000\" height=\"1554\" srcset=\"https:\/\/schalasch.de\/wp1\/wp-content\/uploads\/2021\/02\/klounade8.jpg 2000w, https:\/\/schalasch.de\/wp1\/wp-content\/uploads\/2021\/02\/klounade8-250x194.jpg 250w, https:\/\/schalasch.de\/wp1\/wp-content\/uploads\/2021\/02\/klounade8-1024x796.jpg 1024w, https:\/\/schalasch.de\/wp1\/wp-content\/uploads\/2021\/02\/klounade8-1536x1193.jpg 1536w\" sizes=\"auto, (max-width: 2000px) 100vw, 2000px\" \/><\/p>\n<p>&nbsp;<\/p>\n<p>Tr\u00e4ger des Projektes ist der Club Dialog e.V.<\/p>\n<p>Dieser wurde 1988 in Berlin gegr\u00fcndet, um den gesellschaftlichen Dialog zwischen russischsprachigen und einheimischen Berlinern anzuregen und die Integration zu f\u00f6rdern. Im Laufe von drei Jahrzehnten hat Club Dialog eine Struktur aufgebaut, die eine umfassende nationen\u00fcbergreifende Integrations- und Bildungsarbeit in mehreren Sprachen und f\u00fcr alle Generationen erm\u00f6glicht.<\/p>\n<p><a href=\"https:\/\/www.club-dialog.de\">https:\/\/www.club-dialog.de<\/a><\/p>\n<p>Das Interkulturelle Kinder-, Jugend- und Familienzentrum SCHALASCH ist Mitglied im Jugendbund djo-Deutscher Regenbogen und wird durch Bezirksamt Mitte von Berlin, Jugendamt finanziert.<\/p>\n<p>&nbsp;<\/p>\n<p>&nbsp;<\/p>\n<p data-fontsize=\"18\" data-lineheight=\"23\"><img loading=\"lazy\" decoding=\"async\" class=\"alignnone size-medium wp-image-3394\" src=\"https:\/\/schalasch.de\/wp1\/wp-content\/uploads\/2021\/02\/9_berlin_9ohne-250x110.jpg\" alt=\"\" width=\"250\" height=\"110\" srcset=\"https:\/\/schalasch.de\/wp1\/wp-content\/uploads\/2021\/02\/9_berlin_9ohne-250x110.jpg 250w, https:\/\/schalasch.de\/wp1\/wp-content\/uploads\/2021\/02\/9_berlin_9ohne.jpg 642w\" sizes=\"auto, (max-width: 250px) 100vw, 250px\" \/><img loading=\"lazy\" decoding=\"async\" class=\"alignnone wp-image-3396\" src=\"https:\/\/schalasch.de\/wp1\/wp-content\/uploads\/2021\/02\/20140702112731.jpg_square-detail-250x250.png\" alt=\"\" width=\"155\" height=\"155\" srcset=\"https:\/\/schalasch.de\/wp1\/wp-content\/uploads\/2021\/02\/20140702112731.jpg_square-detail-250x250.png 250w, https:\/\/schalasch.de\/wp1\/wp-content\/uploads\/2021\/02\/20140702112731.jpg_square-detail-150x150.png 150w, https:\/\/schalasch.de\/wp1\/wp-content\/uploads\/2021\/02\/20140702112731.jpg_square-detail.png 360w\" sizes=\"auto, (max-width: 155px) 100vw, 155px\" \/><\/p>\n<p>&nbsp;<\/p>\n<p>&nbsp;<\/p>\n<p>&nbsp;<\/p>\n<p>&nbsp;<\/p>\n<p>&nbsp;<\/p>","protected":false},"excerpt":{"rendered":"<p>SCHALASCH ist eine Bildungs- und Freizeiteinrichtung f\u00fcr Kinder, Jugendliche und Familien im Bezirk Mitte und steht f\u00fcr euch offen! Das Zentrum f\u00f6rdert den interkulturellen Dialog, unterst\u00fctzt bei der Integration, f\u00f6rdert [&hellip;]<\/p>","protected":false},"author":1,"featured_media":1100,"parent":0,"menu_order":0,"comment_status":"closed","ping_status":"open","template":"","meta":{"footnotes":""},"class_list":["post-128","page","type-page","status-publish","has-post-thumbnail","hentry"],"acf":[],"_links":{"self":[{"href":"https:\/\/schalasch.de\/ru\/wp-json\/wp\/v2\/pages\/128","targetHints":{"allow":["GET"]}}],"collection":[{"href":"https:\/\/schalasch.de\/ru\/wp-json\/wp\/v2\/pages"}],"about":[{"href":"https:\/\/schalasch.de\/ru\/wp-json\/wp\/v2\/types\/page"}],"author":[{"embeddable":true,"href":"https:\/\/schalasch.de\/ru\/wp-json\/wp\/v2\/users\/1"}],"replies":[{"embeddable":true,"href":"https:\/\/schalasch.de\/ru\/wp-json\/wp\/v2\/comments?post=128"}],"version-history":[{"count":6,"href":"https:\/\/schalasch.de\/ru\/wp-json\/wp\/v2\/pages\/128\/revisions"}],"predecessor-version":[{"id":3465,"href":"https:\/\/schalasch.de\/ru\/wp-json\/wp\/v2\/pages\/128\/revisions\/3465"}],"wp:featuredmedia":[{"embeddable":true,"href":"https:\/\/schalasch.de\/ru\/wp-json\/wp\/v2\/media\/1100"}],"wp:attachment":[{"href":"https:\/\/schalasch.de\/ru\/wp-json\/wp\/v2\/media?parent=128"}],"curies":[{"name":"wp","href":"https:\/\/api.w.org\/{rel}","templated":true}]}}